{"id":10926,"date":"2024-04-23T19:02:47","date_gmt":"2024-04-23T17:02:47","guid":{"rendered":"https:\/\/testnordic.com\/?post_type=product&#038;p=10926"},"modified":"2024-04-23T19:02:47","modified_gmt":"2024-04-23T17:02:47","slug":"fi-100-fiber-identifier-kit","status":"publish","type":"product","link":"https:\/\/testnordic.se\/en\/product\/fi-100-fiber-identifier-kit\/","title":{"rendered":"FI-100 FIBER IDENTIFIER KIT"},"content":{"rendered":"<p>An important tool for all fiber technicians, the FI-100 Fiber Identifier detects the presence of signals on optical fibers. With the FI-100, technicians are able to trace fibers from end to end, verifying that live fibers are not disconnected. This also allows the technician to quickly determine the approximate core power and signal direction in a fiber optic cable without disconnecting the fiber.<\/p>\n<p>The fiber identifier creates a non-intrusive macro bend so that only a small insertion loss is created, thus the technician can probe fibers without causing an alarm condition. The FI-100 uses tone detect technology so that the technician can trace signals without disconnecting fibers with potentially critical services.<\/p>\n<p>Specifications:<br \/>\nIdentified Wavelength Range 800-1700nm<br \/>\nIdentified Signal Type 270Hz, 330Hz, 1kHz, 2kHz; (+\/-5%)<br \/>\nDetector Type 1mm InGaAs<br \/>\nAdapter Types<br \/>\n\u00d80.25 (Applicable for Bare Fiber and ribbon cable)<br \/>\n\u00d80.9 (Applicable for \u00d80.9 Cable)<br \/>\n\u00d82.0 (Applicable for \u00d82.0 Cable)<br \/>\n\u00d83.0 (Applicable for \u00d83.0 Cable)<br \/>\nSignal Indication Left &#038; Right LED<br \/>\nSignal Direction Test Range<br \/>\n(CW\/0.9mm fiber)<br \/>\n-46 to 10dBm (1310nm)<br \/>\n-50 to 10dBm (1550nm)<br \/>\nSignal Power Test Range<br \/>\n(CW\/0.9mm fiber) -50 to +10dBm<br \/>\nSignal Frequency Display 270Hz, 330Hz, 1kHz, 2kHz; (+\/-5%)<br \/>\nTone Detect Test Range<br \/>\n(Average)<br \/>\n\u00d80.9, \u00d82.0, \u00d83.0<br \/>\n-30 to 0dBm (270Hz, 1kHz)<br \/>\n-25 to 0dBm (2kHz)<br \/>\n\u00d80.25<br \/>\n-25 to 0dBm (1kHz, 2kHz)<br \/>\n-20 to 0dBm (2kHz)<br \/>\nInsertion Loss<br \/>\n(Typical\/ Maximum)<br \/>\n0.3 \/ 0.8dB at 1310nm<br \/>\n1.5 \/ 2.5dB at 1550nm<br \/>\nBattery AAA Alkaline (2)<br \/>\nOperating Temperature -10 to +60\u00baC<br \/>\nStorage Temperature -25 to +70\u00baC<br \/>\nDimension 196 X 30.5 X 27mm<br \/>\nWeight 195g<br \/>\nCertifications CE, FCC, RoHS, EAC<br \/>\nNumber of Activations 3600<\/p>\n<p><strong>Datasheet:<\/strong><br \/>\n<div class='w3eden'><!-- WPDM Link Template: Default Template -->\n\n<div class=\"link-template-default card mb-2\">\n    <div class=\"card-body\">\n        <div class=\"media\">\n            <div class=\"mr-3 img-48\"><img decoding=\"async\" class=\"wpdm_icon\" alt=\"Icon\" src=\"https:\/\/testnordic.se\/wp-content\/plugins\/download-manager\/assets\/file-type-icons\/pdf.svg\" \/><\/div>\n            <div class=\"media-body\">\n                <h3 class=\"package-title\"><a href='https:\/\/testnordic.se\/en\/download\/fi-100-fiber-identifier\/'>FI-100 FIBER IDENTIFIER<\/a><\/h3>\n                <div class=\"text-muted text-small\"><i class=\"fas fa-copy\"><\/i> 1 file(s) <i class=\"fas fa-hdd ml-3\"><\/i> 1.50 MB<\/div>\n            <\/div>\n            <div class=\"ml-3\">\n                <a class='wpdm-download-link download-on-click btn btn-primary ' rel='nofollow' href='#' data-downloadurl=\"https:\/\/testnordic.se\/en\/download\/fi-100-fiber-identifier\/?wpdmdl=10930&refresh=6a04be714b9c51778695793\">Download<\/a>\n            <\/div>\n        <\/div>\n    <\/div>\n<\/div>\n\n<\/div><\/p>\n","protected":false},"excerpt":{"rendered":"<p>An important tool for all fiber technicians, the FI-100 Fiber Identifier detects the presence of signals on optical fibers. With the FI-100, technicians are able to trace fibers from end to end, verifying that live fibers are not disconnected. This also allows the technician to quickly determine the approximate core power and signal direction in a fiber optic cable without disconnecting the fiber.<\/p>\n<p>The fiber identifier creates a non-intrusive macro bend so that only a small insertion loss is created, thus the technician can probe fibers without causing an alarm condition. The FI-100 uses tone detect technology so that the technician can trace signals without disconnecting fibers with potentially critical services.<\/p>\n","protected":false},"featured_media":10927,"template":"","meta":{"_kad_post_transparent":"","_kad_post_title":"","_kad_post_layout":"","_kad_post_sidebar_id":"","_kad_post_content_style":"","_kad_post_vertical_padding":"","_kad_post_feature":"","_kad_post_feature_position":"","_kad_post_header":false,"_kad_post_footer":false,"_kad_post_classname":""},"product_brand":[],"product_cat":[217],"product_tag":[],"yst_prominent_words":[],"class_list":{"0":"post-10926","1":"product","2":"type-product","3":"status-publish","4":"has-post-thumbnail","6":"product_cat-network-applications","8":"first","9":"instock","10":"taxable","11":"shipping-taxable","12":"product-type-simple","13":"entry","14":"content-bg","15":"loop-entry"},"_links":{"self":[{"href":"https:\/\/testnordic.se\/en\/wp-json\/wp\/v2\/product\/10926","targetHints":{"allow":["GET"]}}],"collection":[{"href":"https:\/\/testnordic.se\/en\/wp-json\/wp\/v2\/product"}],"about":[{"href":"https:\/\/testnordic.se\/en\/wp-json\/wp\/v2\/types\/product"}],"version-history":[{"count":0,"href":"https:\/\/testnordic.se\/en\/wp-json\/wp\/v2\/product\/10926\/revisions"}],"wp:featuredmedia":[{"embeddable":true,"href":"https:\/\/testnordic.se\/en\/wp-json\/wp\/v2\/media\/10927"}],"wp:attachment":[{"href":"https:\/\/testnordic.se\/en\/wp-json\/wp\/v2\/media?parent=10926"}],"wp:term":[{"taxonomy":"product_brand","embeddable":true,"href":"https:\/\/testnordic.se\/en\/wp-json\/wp\/v2\/product_brand?post=10926"},{"taxonomy":"product_cat","embeddable":true,"href":"https:\/\/testnordic.se\/en\/wp-json\/wp\/v2\/product_cat?post=10926"},{"taxonomy":"product_tag","embeddable":true,"href":"https:\/\/testnordic.se\/en\/wp-json\/wp\/v2\/product_tag?post=10926"},{"taxonomy":"yst_prominent_words","embeddable":true,"href":"https:\/\/testnordic.se\/en\/wp-json\/wp\/v2\/yst_prominent_words?post=10926"}],"curies":[{"name":"wp","href":"https:\/\/api.w.org\/{rel}","templated":true}]}}